{"id":45,"date":"2020-04-18T16:09:14","date_gmt":"2020-04-18T14:09:14","guid":{"rendered":"http:\/\/ecoledupheny.fr\/?page_id=45"},"modified":"2020-05-04T00:40:43","modified_gmt":"2020-05-03T22:40:43","slug":"presentation","status":"publish","type":"page","link":"https:\/\/ecoledupheny.fr\/","title":{"rendered":"Pr\u00e9sentation"},"content":{"rendered":"\n<p class=\"has-drop-cap has-text-align-left has-normal-font-size\"><em>L&rsquo;association pour la promotion de l&rsquo;\u00e9cole du Ph\u00e9ny et de la vie en montagne fut cr\u00e9\u00e9e en 1992. En partenariat avec la commune de G\u00e9rardmer et gr\u00e2ce \u00e0 la mobilisation des membres b\u00e9n\u00e9voles, nous animons le hameau du Ph\u00e9ny en organisant tout au long de l&rsquo;ann\u00e9e, des manifestations festives et culturelles.  C&rsquo;est aussi le lieu r\u00eav\u00e9 pour vos rassemblements de famille puisque nous proposons deux salles de locations agr\u00e9ment\u00e9es de quelques couchages.<\/em><\/p>\n\n\n\n<p><em>Rejoignez notre \u00e9quipe de b\u00e9n\u00e9voles et  participez au d\u00e9veloppement du hameau du Ph\u00e9ny en apportant vos id\u00e9es !<\/em><\/p>\n\n\n\n<p><\/p>\n\n\n\n<p class=\"has-normal-font-size\"><\/p>\n","protected":false},"excerpt":{"rendered":"<p>L&rsquo;association pour la promotion de l&rsquo;\u00e9cole du Ph\u00e9ny et de la vie en montagne fut cr\u00e9\u00e9e en 1992. En partenariat avec la commune de G\u00e9rardmer et gr\u00e2ce \u00e0 la mobilisation des membres b\u00e9n\u00e9voles, nous animons le hameau du Ph\u00e9ny en organisant tout au long de l&rsquo;ann\u00e9e, des manifestations festives et culturelles. C&rsquo;est aussi le lieu &hellip; <\/p>\n<p class=\"link-more\"><a href=\"https:\/\/ecoledupheny.fr\/\" class=\"more-link\">Continuer la lecture<span class=\"screen-reader-text\"> de &laquo;&nbsp;Pr\u00e9sentation&nbsp;&raquo;<\/span><\/a><\/p>\n","protected":false},"author":1,"featured_media":85,"parent":44,"menu_order":0,"comment_status":"closed","ping_status":"closed","template":"","meta":{"footnotes":""},"class_list":["post-45","page","type-page","status-publish","has-post-thumbnail","hentry"],"yoast_head":"<!-- This site is optimized with the Yoast SEO plugin v20.1 - https:\/\/yoast.com\/wordpress\/plugins\/seo\/ -->\n<title>Pr\u00e9sentation - L&#039; Ecole du Pheny<\/title>\n<meta name=\"robots\" content=\"index, follow, max-snippet:-1, max-image-preview:large, max-video-preview:-1\" \/>\n<link rel=\"canonical\" href=\"https:\/\/ecoledupheny.fr\/\" \/>\n<meta property=\"og:locale\" content=\"fr_FR\" \/>\n<meta property=\"og:type\" content=\"article\" \/>\n<meta property=\"og:title\" content=\"Pr\u00e9sentation - L&#039; Ecole du Pheny\" \/>\n<meta property=\"og:description\" content=\"L&rsquo;association pour la promotion de l&rsquo;\u00e9cole du Ph\u00e9ny et de la vie en montagne fut cr\u00e9\u00e9e en 1992. En partenariat avec la commune de G\u00e9rardmer et gr\u00e2ce \u00e0 la mobilisation des membres b\u00e9n\u00e9voles, nous animons le hameau du Ph\u00e9ny en organisant tout au long de l&rsquo;ann\u00e9e, des manifestations festives et culturelles. C&rsquo;est aussi le lieu &hellip; Continuer la lecture de &laquo;&nbsp;Pr\u00e9sentation&nbsp;&raquo;\" \/>\n<meta property=\"og:url\" content=\"https:\/\/ecoledupheny.fr\/\" \/>\n<meta property=\"og:site_name\" content=\"L&#039; Ecole du Pheny\" \/>\n<meta property=\"article:publisher\" content=\"https:\/\/www.facebook.com\/pages\/Association-Ecole-du-Ph%c3%a9ny\/115051979046192\" \/>\n<meta property=\"article:modified_time\" content=\"2020-05-03T22:40:43+00:00\" \/>\n<meta property=\"og:image\" content=\"https:\/\/ecoledupheny.fr\/wp-content\/uploads\/2020\/04\/Pheny-dep-Xette63-scaled.jpg\" \/>\n\t<meta property=\"og:image:width\" content=\"2560\" \/>\n\t<meta property=\"og:image:height\" content=\"1713\" \/>\n\t<meta property=\"og:image:type\" content=\"image\/jpeg\" \/>\n<meta name=\"twitter:card\" content=\"summary_large_image\" \/>\n<meta name=\"twitter:label1\" content=\"Dur\u00e9e de lecture estim\u00e9e\" \/>\n\t<meta name=\"twitter:data1\" content=\"1 minute\" \/>\n<script type=\"application\/ld+json\" class=\"yoast-schema-graph\">{\"@context\":\"https:\/\/schema.org\",\"@graph\":[{\"@type\":\"WebPage\",\"@id\":\"https:\/\/ecoledupheny.fr\/\",\"url\":\"https:\/\/ecoledupheny.fr\/\",\"name\":\"Pr\u00e9sentation - L&#039; Ecole du Pheny\",\"isPartOf\":{\"@id\":\"https:\/\/ecoledupheny.fr\/#website\"},\"datePublished\":\"2020-04-18T14:09:14+00:00\",\"dateModified\":\"2020-05-03T22:40:43+00:00\",\"breadcrumb\":{\"@id\":\"https:\/\/ecoledupheny.fr\/#breadcrumb\"},\"inLanguage\":\"fr-FR\",\"potentialAction\":[{\"@type\":\"ReadAction\",\"target\":[\"https:\/\/ecoledupheny.fr\/\"]}]},{\"@type\":\"BreadcrumbList\",\"@id\":\"https:\/\/ecoledupheny.fr\/#breadcrumb\",\"itemListElement\":[{\"@type\":\"ListItem\",\"position\":1,\"name\":\"Accueil\",\"item\":\"https:\/\/ecoledupheny.fr\/\"},{\"@type\":\"ListItem\",\"position\":2,\"name\":\"LOCATIONS\",\"item\":\"https:\/\/ecoledupheny.fr\/index.php\/une-section-de-page-daccueil\/\"},{\"@type\":\"ListItem\",\"position\":3,\"name\":\"Pr\u00e9sentation\"}]},{\"@type\":\"WebSite\",\"@id\":\"https:\/\/ecoledupheny.fr\/#website\",\"url\":\"https:\/\/ecoledupheny.fr\/\",\"name\":\"L&#039; Ecole du Pheny\",\"description\":\"\",\"publisher\":{\"@id\":\"https:\/\/ecoledupheny.fr\/#organization\"},\"potentialAction\":[{\"@type\":\"SearchAction\",\"target\":{\"@type\":\"EntryPoint\",\"urlTemplate\":\"https:\/\/ecoledupheny.fr\/?s={search_term_string}\"},\"query-input\":\"required name=search_term_string\"}],\"inLanguage\":\"fr-FR\"},{\"@type\":\"Organization\",\"@id\":\"https:\/\/ecoledupheny.fr\/#organization\",\"name\":\"Ecole du Pheny\",\"url\":\"https:\/\/ecoledupheny.fr\/\",\"logo\":{\"@type\":\"ImageObject\",\"inLanguage\":\"fr-FR\",\"@id\":\"https:\/\/ecoledupheny.fr\/#\/schema\/logo\/image\/\",\"url\":\"https:\/\/ecoledupheny.fr\/wp-content\/uploads\/2020\/04\/logo_ecole_pheny_petit-1.png\",\"contentUrl\":\"https:\/\/ecoledupheny.fr\/wp-content\/uploads\/2020\/04\/logo_ecole_pheny_petit-1.png\",\"width\":100,\"height\":96,\"caption\":\"Ecole du Pheny\"},\"image\":{\"@id\":\"https:\/\/ecoledupheny.fr\/#\/schema\/logo\/image\/\"},\"sameAs\":[\"https:\/\/www.facebook.com\/pages\/Association-Ecole-du-Ph\u00e9ny\/115051979046192\"]}]}<\/script>\n<!-- \/ Yoast SEO plugin. -->","yoast_head_json":{"title":"Pr\u00e9sentation - L&#039; Ecole du Pheny","robots":{"index":"index","follow":"follow","max-snippet":"max-snippet:-1","max-image-preview":"max-image-preview:large","max-video-preview":"max-video-preview:-1"},"canonical":"https:\/\/ecoledupheny.fr\/","og_locale":"fr_FR","og_type":"article","og_title":"Pr\u00e9sentation - L&#039; Ecole du Pheny","og_description":"L&rsquo;association pour la promotion de l&rsquo;\u00e9cole du Ph\u00e9ny et de la vie en montagne fut cr\u00e9\u00e9e en 1992. En partenariat avec la commune de G\u00e9rardmer et gr\u00e2ce \u00e0 la mobilisation des membres b\u00e9n\u00e9voles, nous animons le hameau du Ph\u00e9ny en organisant tout au long de l&rsquo;ann\u00e9e, des manifestations festives et culturelles. C&rsquo;est aussi le lieu &hellip; Continuer la lecture de &laquo;&nbsp;Pr\u00e9sentation&nbsp;&raquo;","og_url":"https:\/\/ecoledupheny.fr\/","og_site_name":"L&#039; Ecole du Pheny","article_publisher":"https:\/\/www.facebook.com\/pages\/Association-Ecole-du-Ph%c3%a9ny\/115051979046192","article_modified_time":"2020-05-03T22:40:43+00:00","og_image":[{"width":2560,"height":1713,"url":"https:\/\/ecoledupheny.fr\/wp-content\/uploads\/2020\/04\/Pheny-dep-Xette63-scaled.jpg","type":"image\/jpeg"}],"twitter_card":"summary_large_image","twitter_misc":{"Dur\u00e9e de lecture estim\u00e9e":"1 minute"},"schema":{"@context":"https:\/\/schema.org","@graph":[{"@type":"WebPage","@id":"https:\/\/ecoledupheny.fr\/","url":"https:\/\/ecoledupheny.fr\/","name":"Pr\u00e9sentation - L&#039; Ecole du Pheny","isPartOf":{"@id":"https:\/\/ecoledupheny.fr\/#website"},"datePublished":"2020-04-18T14:09:14+00:00","dateModified":"2020-05-03T22:40:43+00:00","breadcrumb":{"@id":"https:\/\/ecoledupheny.fr\/#breadcrumb"},"inLanguage":"fr-FR","potentialAction":[{"@type":"ReadAction","target":["https:\/\/ecoledupheny.fr\/"]}]},{"@type":"BreadcrumbList","@id":"https:\/\/ecoledupheny.fr\/#breadcrumb","itemListElement":[{"@type":"ListItem","position":1,"name":"Accueil","item":"https:\/\/ecoledupheny.fr\/"},{"@type":"ListItem","position":2,"name":"LOCATIONS","item":"https:\/\/ecoledupheny.fr\/index.php\/une-section-de-page-daccueil\/"},{"@type":"ListItem","position":3,"name":"Pr\u00e9sentation"}]},{"@type":"WebSite","@id":"https:\/\/ecoledupheny.fr\/#website","url":"https:\/\/ecoledupheny.fr\/","name":"L&#039; Ecole du Pheny","description":"","publisher":{"@id":"https:\/\/ecoledupheny.fr\/#organization"},"potentialAction":[{"@type":"SearchAction","target":{"@type":"EntryPoint","urlTemplate":"https:\/\/ecoledupheny.fr\/?s={search_term_string}"},"query-input":"required name=search_term_string"}],"inLanguage":"fr-FR"},{"@type":"Organization","@id":"https:\/\/ecoledupheny.fr\/#organization","name":"Ecole du Pheny","url":"https:\/\/ecoledupheny.fr\/","logo":{"@type":"ImageObject","inLanguage":"fr-FR","@id":"https:\/\/ecoledupheny.fr\/#\/schema\/logo\/image\/","url":"https:\/\/ecoledupheny.fr\/wp-content\/uploads\/2020\/04\/logo_ecole_pheny_petit-1.png","contentUrl":"https:\/\/ecoledupheny.fr\/wp-content\/uploads\/2020\/04\/logo_ecole_pheny_petit-1.png","width":100,"height":96,"caption":"Ecole du Pheny"},"image":{"@id":"https:\/\/ecoledupheny.fr\/#\/schema\/logo\/image\/"},"sameAs":["https:\/\/www.facebook.com\/pages\/Association-Ecole-du-Ph\u00e9ny\/115051979046192"]}]}},"_links":{"self":[{"href":"https:\/\/ecoledupheny.fr\/index.php\/wp-json\/wp\/v2\/pages\/45","targetHints":{"allow":["GET"]}}],"collection":[{"href":"https:\/\/ecoledupheny.fr\/index.php\/wp-json\/wp\/v2\/pages"}],"about":[{"href":"https:\/\/ecoledupheny.fr\/index.php\/wp-json\/wp\/v2\/types\/page"}],"author":[{"embeddable":true,"href":"https:\/\/ecoledupheny.fr\/index.php\/wp-json\/wp\/v2\/users\/1"}],"replies":[{"embeddable":true,"href":"https:\/\/ecoledupheny.fr\/index.php\/wp-json\/wp\/v2\/comments?post=45"}],"version-history":[{"count":4,"href":"https:\/\/ecoledupheny.fr\/index.php\/wp-json\/wp\/v2\/pages\/45\/revisions"}],"predecessor-version":[{"id":186,"href":"https:\/\/ecoledupheny.fr\/index.php\/wp-json\/wp\/v2\/pages\/45\/revisions\/186"}],"up":[{"embeddable":true,"href":"https:\/\/ecoledupheny.fr\/index.php\/wp-json\/wp\/v2\/pages\/44"}],"wp:featuredmedia":[{"embeddable":true,"href":"https:\/\/ecoledupheny.fr\/index.php\/wp-json\/wp\/v2\/media\/85"}],"wp:attachment":[{"href":"https:\/\/ecoledupheny.fr\/index.php\/wp-json\/wp\/v2\/media?parent=45"}],"curies":[{"name":"wp","href":"https:\/\/api.w.org\/{rel}","templated":true}]}}